{"id":697,"date":"2023-03-18T07:10:54","date_gmt":"2023-03-18T07:10:54","guid":{"rendered":"https:\/\/cozystay.loftocean.com\/island-resort\/?page_id=697"},"modified":"2026-01-11T16:59:41","modified_gmt":"2026-01-11T16:59:41","slug":"reservaciones","status":"publish","type":"page","link":"https:\/\/lasquintasrestaurante.com\/english\/reservaciones\/","title":{"rendered":"RESERVATION"},"content":{"rendered":"<div data-elementor-type=\"wp-page\" data-elementor-id=\"697\" class=\"elementor elementor-697\">\n\t\t\t\t\t\t<section class=\"elementor-section elementor-top-section elementor-element elementor-element-ca1656d elementor-section-height-min-height cs-section-content-fullwidth cs-parallax-on-scroll cs_scroll_y_100 elementor-section-boxed elementor-section-height-default elementor-section-items-middle\" data-id=\"ca1656d\" data-element_type=\"section\" data-e-type=\"section\" data-settings=\"{&quot;background_background&quot;:&quot;classic&quot;}\" data-cs-parallax-y=\"100\" style=\"background-image: none;\" data-cs-background-image=\"https:\/\/lasquintasrestaurante.com\/wp-content\/uploads\/2024\/08\/Copas-scaled.jpg\">\n\t\t\t\t\t\t\t<div class=\"elementor-background-overlay\"><\/div>\n\t\t\t\t\t\t\t<div class=\"elementor-container elementor-column-gap-no\">\n\t\t\t\t\t<div class=\"elementor-column elementor-col-100 elementor-top-column elementor-element elementor-element-6b2c1df dark-color\" data-id=\"6b2c1df\" data-element_type=\"column\" data-e-type=\"column\">\n\t\t\t<div class=\"elementor-widget-wrap elementor-element-populated\">\n\t\t\t\t\t\t<div class=\"elementor-element elementor-element-ed3f97e elementor-widget elementor-widget-cs_title\" data-id=\"ed3f97e\" data-element_type=\"widget\" data-e-type=\"widget\" data-widget_type=\"cs_title.default\">\n\t\t\t\t<div class=\"elementor-widget-container\">\n\t\t\t\t\t\n        <div class=\"cs-title-wrap text-center\">\t            <div class=\"cs-subtitle-wrap\"><span class=\"cs-subtitle color-white\">Reservations<\/span><\/div>\t            <h1 class=\"cs-title\">\n\t                Booking\t            <\/h1>\t            <div class=\"cs-title-text\">\n\t                <p>Reserve your table and live the experience of Restaurant las Quintas.<\/p>\t            <\/div>        <\/div>\t\t\t\t<\/div>\n\t\t\t\t<\/div>\n\t\t\t\t\t<\/div>\n\t\t<\/div>\n\t\t\t\t\t<\/div>\n\t\t<\/section>\n\t\t\t\t<section class=\"elementor-section elementor-top-section elementor-element elementor-element-ac9ba41 elementor-section-full_width elementor-section-content-middle elementor-section-height-default elementor-section-height-default\" data-id=\"ac9ba41\" data-element_type=\"section\" data-e-type=\"section\">\n\t\t\t\t\t\t<div class=\"elementor-container elementor-column-gap-no\">\n\t\t\t\t\t<div class=\"elementor-column elementor-col-50 elementor-top-column elementor-element elementor-element-a630739\" data-id=\"a630739\" data-element_type=\"column\" data-e-type=\"column\" data-settings=\"{&quot;background_background&quot;:&quot;classic&quot;}\">\n\t\t\t<div class=\"elementor-widget-wrap elementor-element-populated\">\n\t\t\t\t\t\t<section class=\"elementor-section elementor-inner-section elementor-element elementor-element-1165b93 elementor-section-boxed elementor-section-height-default elementor-section-height-default\" data-id=\"1165b93\" data-element_type=\"section\" data-e-type=\"section\" data-settings=\"{&quot;background_background&quot;:&quot;classic&quot;}\">\n\t\t\t\t\t\t<div class=\"elementor-container elementor-column-gap-no\">\n\t\t\t\t\t<div class=\"elementor-column elementor-col-100 elementor-inner-column elementor-element elementor-element-c8421f3\" data-id=\"c8421f3\" data-element_type=\"column\" data-e-type=\"column\">\n\t\t\t<div class=\"elementor-widget-wrap elementor-element-populated\">\n\t\t\t\t\t\t<div class=\"elementor-element elementor-element-ee636a2 elementor-widget elementor-widget-cs_title\" data-id=\"ee636a2\" data-element_type=\"widget\" data-e-type=\"widget\" data-widget_type=\"cs_title.default\">\n\t\t\t\t<div class=\"elementor-widget-container\">\n\t\t\t\t\t\n        <div class=\"cs-title-wrap text-center\">\t            <div class=\"cs-subtitle-wrap\"><span class=\"cs-subtitle\">Contact form<\/span><\/div>\t            <h5 class=\"cs-title\">\n\t                Reserve your table \t            <\/h5>        <\/div>\t\t\t\t<\/div>\n\t\t\t\t<\/div>\n\t\t\t\t<div class=\"elementor-element elementor-element-0c09f3e elementor-widget elementor-widget-html\" data-id=\"0c09f3e\" data-element_type=\"widget\" data-e-type=\"widget\" data-widget_type=\"html.default\">\n\t\t\t\t<div class=\"elementor-widget-container\">\n\t\t\t\t\t<script charset=\"utf-8\" type=\"text\/javascript\" src=\"\/\/js.hsforms.net\/forms\/embed\/v2.js\"><\/script>\n<script>\n  hbspt.forms.create({\n    region: \"na1\",\n    portalId: \"47230481\",\n    formId: \"7c98ba54-3250-4246-9e49-c74580ea41a3\"\n  });\n<\/script>\t\t\t\t<\/div>\n\t\t\t\t<\/div>\n\t\t\t\t\t<\/div>\n\t\t<\/div>\n\t\t\t\t\t<\/div>\n\t\t<\/section>\n\t\t\t\t\t<\/div>\n\t\t<\/div>\n\t\t\t\t<div class=\"elementor-column elementor-col-50 elementor-top-column elementor-element elementor-element-a9f3bc2\" data-id=\"a9f3bc2\" data-element_type=\"column\" data-e-type=\"column\">\n\t\t\t<div class=\"elementor-widget-wrap elementor-element-populated\">\n\t\t\t\t\t\t<div class=\"elementor-element elementor-element-d6a0979 elementor-widget elementor-widget-cs_title\" data-id=\"d6a0979\" data-element_type=\"widget\" data-e-type=\"widget\" data-widget_type=\"cs_title.default\">\n\t\t\t\t<div class=\"elementor-widget-container\">\n\t\t\t\t\t\n        <div class=\"cs-title-wrap\">\t            <div class=\"cs-subtitle-wrap\"><span class=\"cs-subtitle\">contact information<\/span><\/div>\t            <h5 class=\"cs-title\">\n\t                Las  Quintas Restaurante\t            <\/h5>\t            <div class=\"cs-title-text\">\n\t                <p><span style=\"font-weight: bolder;\">Address:<\/span>\u00a0Boulevard Diaz Ordaz N\u00ba 9 Cantarranas 62448 Cuernavaca Morelos.<\/p><p><strong>Phone Number:<\/strong> <a href=\"tel:+6793456788\">+<\/a>52 7773623949.<br \/><strong>Email:<\/strong>\u00a0<a style=\"font-size: var(--post-text-size); font-family: var(--body-font);\" href=\"mailto:alimentosybebidas@hlq.com.mx\" target=\"_blank\" rel=\"noopener\">alimentosybebidas@hlq.com.mx<\/a><\/p>\t            <\/div>        <\/div>\t\t\t\t<\/div>\n\t\t\t\t<\/div>\n\t\t\t\t<div class=\"elementor-element elementor-element-27ae3a6 elementor-widget-divider--view-line elementor-widget elementor-widget-divider\" data-id=\"27ae3a6\" data-element_type=\"widget\" data-e-type=\"widget\" data-widget_type=\"divider.default\">\n\t\t\t\t<div class=\"elementor-widget-container\">\n\t\t\t\t\t\t\t<div class=\"elementor-divider\">\n\t\t\t<span class=\"elementor-divider-separator\">\n\t\t\t\t\t\t<\/span>\n\t\t<\/div>\n\t\t\t\t\t\t<\/div>\n\t\t\t\t<\/div>\n\t\t\t\t<section class=\"elementor-section elementor-inner-section elementor-element elementor-element-06aaef6 elementor-section-boxed elementor-section-height-default elementor-section-height-default\" data-id=\"06aaef6\" data-element_type=\"section\" data-e-type=\"section\">\n\t\t\t\t\t\t<div class=\"elementor-container elementor-column-gap-no\">\n\t\t\t\t\t<div class=\"elementor-column elementor-col-100 elementor-inner-column elementor-element elementor-element-c6d447a\" data-id=\"c6d447a\" data-element_type=\"column\" data-e-type=\"column\">\n\t\t\t<div class=\"elementor-widget-wrap elementor-element-populated\">\n\t\t\t\t\t\t<div class=\"elementor-element elementor-element-a679ad2 elementor-widget elementor-widget-cs_title\" data-id=\"a679ad2\" data-element_type=\"widget\" data-e-type=\"widget\" data-widget_type=\"cs_title.default\">\n\t\t\t\t<div class=\"elementor-widget-container\">\n\t\t\t\t\t\n        <div class=\"cs-title-wrap\">\t            <h6 class=\"cs-title\">\n\t                Schedules\t            <\/h6>\t            <div class=\"cs-title-text\">\n\t                <p>Friday and Saturday: 7:00 a.m. to 12:00 a.m.<\/p>\n<p>Sunday to Thursday: 8:00 a.m. to 11:00 p.m<\/p>\t            <\/div>        <\/div>\t\t\t\t<\/div>\n\t\t\t\t<\/div>\n\t\t\t\t\t<\/div>\n\t\t<\/div>\n\t\t\t\t\t<\/div>\n\t\t<\/section>\n\t\t\t\t\t<\/div>\n\t\t<\/div>\n\t\t\t\t\t<\/div>\n\t\t<\/section>\n\t\t\t\t<\/div>","protected":false},"excerpt":{"rendered":"<p>Reservations Reserva Reserva tu mesa y vive la experiencia de Restaurante las Quintas. Formulario de cont\u00e1cto Reserva tu mesa informaci\u00f3n de cont\u00e1cto Las Quintas Restaurante Direcci\u00f3n:\u00a0Boulevard Diaz Ordaz N\u00ba 9 Cantarranas 62448 Cuernavaca Morelos. Phone Number: +52 7773623949.Email:\u00a0alimentosybebidas@hlq.com.mx Horarios Viernes&nbsp; y S\u00e1bados: 7:00 a.m. a 12:00 a.m. Domingo a Jueves: 8:00 a.m. a 11:00 p.m.<\/p>","protected":false},"author":1,"featured_media":0,"parent":0,"menu_order":0,"comment_status":"closed","ping_status":"closed","template":"template-wide-content.php","meta":{"cozystay_single_page_hide_site_header":"","cozystay_single_page_site_header_source":"","cozystay_single_page_custom_site_header":"0","cozystay_single_page_custom_sticky_site_header":"0","cozystay_single_page_hide_page_title":"on","cozystay_single_page_header_section_size":"","cozystay_single_page_header_background_color":"","cozystay_single_page_header_background_position_x":"center","cozystay_single_page_header_background_position_y":"center","cozystay_single_page_header_background_size":"cover","cozystay_single_page_header_background_repeat":"off","cozystay_single_page_header_background_scroll":"on","cozystay_single_page_header_text_color":"","cozystay_single_page_header_show_breadcrumb":"","cozystay_single_page_site_footer_hide_main":"","cozystay_single_custom_site_footer_main_source":"","cozystay_single_custom_site_footer_main":"0","cozystay_single_page_site_footer_hide_above":"","cozystay_single_custom_site_footer_above_source":"","cozystay_single_custom_site_footer_above":"0","cozystay_single_page_site_footer_hide_instagram":"","cozystay_single_page_site_footer_hide_bottom":"","cozystay_single_custom_mobile_menu_source":"","cozystay_single_custom_mobile_menu":"0","cozystay_single_custom_mobile_menu_animation":"","cozystay_single_custom_mobile_menu_width":"","cozystay_single_custom_mobile_menu_custom_width":375,"_joinchat":[],"footnotes":""},"class_list":["post-697","page","type-page","status-publish","hentry"],"yoast_head":"<!-- This site is optimized with the Yoast SEO plugin v24.3 - https:\/\/yoast.com\/wordpress\/plugins\/seo\/ -->\n<title>Reservaciones - Restaurante las Quintas Cuernavaca<\/title>\n<meta name=\"robots\" content=\"index, follow, max-snippet:-1, max-image-preview:large, max-video-preview:-1\" \/>\n<link rel=\"canonical\" href=\"https:\/\/lasquintasrestaurante.com\/english\/reservaciones\/\" \/>\n<meta property=\"og:locale\" content=\"en_US\" \/>\n<meta property=\"og:type\" content=\"article\" \/>\n<meta property=\"og:title\" content=\"Reservaciones - Restaurante las Quintas Cuernavaca\" \/>\n<meta property=\"og:description\" content=\"Reservations Reserva Reserva tu mesa y vive la experiencia de Restaurante las Quintas. Formulario de cont\u00e1cto Reserva tu mesa informaci\u00f3n de cont\u00e1cto Las Quintas Restaurante Direcci\u00f3n:\u00a0Boulevard Diaz Ordaz N\u00ba 9 Cantarranas 62448 Cuernavaca Morelos. Phone Number: +52 7773623949.Email:\u00a0alimentosybebidas@hlq.com.mx Horarios Viernes&nbsp; y S\u00e1bados: 7:00 a.m. a 12:00 a.m. Domingo a Jueves: 8:00 a.m. a 11:00 p.m.\" \/>\n<meta property=\"og:url\" content=\"https:\/\/lasquintasrestaurante.com\/english\/reservaciones\/\" \/>\n<meta property=\"og:site_name\" content=\"Restaurante las Quintas Cuernavaca\" \/>\n<meta property=\"article:modified_time\" content=\"2026-01-11T16:59:41+00:00\" \/>\n<meta name=\"twitter:card\" content=\"summary_large_image\" \/>\n<meta name=\"twitter:label1\" content=\"Est. reading time\" \/>\n\t<meta name=\"twitter:data1\" content=\"1 minute\" \/>\n<script type=\"application\/ld+json\" class=\"yoast-schema-graph\">{\"@context\":\"https:\/\/schema.org\",\"@graph\":[{\"@type\":\"WebPage\",\"@id\":\"https:\/\/lasquintasrestaurante.com\/reservaciones\/\",\"url\":\"https:\/\/lasquintasrestaurante.com\/reservaciones\/\",\"name\":\"Reservaciones - Restaurante las Quintas Cuernavaca\",\"isPartOf\":{\"@id\":\"https:\/\/lasquintasrestaurante.com\/#website\"},\"datePublished\":\"2023-03-18T07:10:54+00:00\",\"dateModified\":\"2026-01-11T16:59:41+00:00\",\"breadcrumb\":{\"@id\":\"https:\/\/lasquintasrestaurante.com\/reservaciones\/#breadcrumb\"},\"inLanguage\":\"en-US\",\"potentialAction\":[{\"@type\":\"ReadAction\",\"target\":[\"https:\/\/lasquintasrestaurante.com\/reservaciones\/\"]}]},{\"@type\":\"BreadcrumbList\",\"@id\":\"https:\/\/lasquintasrestaurante.com\/reservaciones\/#breadcrumb\",\"itemListElement\":[{\"@type\":\"ListItem\",\"position\":1,\"name\":\"Home\",\"item\":\"https:\/\/lasquintasrestaurante.com\/espanol\/\"},{\"@type\":\"ListItem\",\"position\":2,\"name\":\"Reservaciones\"}]},{\"@type\":\"WebSite\",\"@id\":\"https:\/\/lasquintasrestaurante.com\/#website\",\"url\":\"https:\/\/lasquintasrestaurante.com\/\",\"name\":\"Restaurante las Quintas Cuernavaca\",\"description\":\"El restaurante con m\u00e1s tradici\u00f3n de Cuernavaca.\",\"publisher\":{\"@id\":\"https:\/\/lasquintasrestaurante.com\/#organization\"},\"potentialAction\":[{\"@type\":\"SearchAction\",\"target\":{\"@type\":\"EntryPoint\",\"urlTemplate\":\"https:\/\/lasquintasrestaurante.com\/?s={search_term_string}\"},\"query-input\":{\"@type\":\"PropertyValueSpecification\",\"valueRequired\":true,\"valueName\":\"search_term_string\"}}],\"inLanguage\":\"en-US\"},{\"@type\":\"Organization\",\"@id\":\"https:\/\/lasquintasrestaurante.com\/#organization\",\"name\":\"Restaurante las Quintas Cuernavaca\",\"url\":\"https:\/\/lasquintasrestaurante.com\/\",\"logo\":{\"@type\":\"ImageObject\",\"inLanguage\":\"en-US\",\"@id\":\"https:\/\/lasquintasrestaurante.com\/#\/schema\/logo\/image\/\",\"url\":\"https:\/\/lasquintasrestaurante.com\/wp-content\/uploads\/2023\/03\/logo-3.png\",\"contentUrl\":\"https:\/\/lasquintasrestaurante.com\/wp-content\/uploads\/2023\/03\/logo-3.png\",\"width\":457,\"height\":91,\"caption\":\"Restaurante las Quintas Cuernavaca\"},\"image\":{\"@id\":\"https:\/\/lasquintasrestaurante.com\/#\/schema\/logo\/image\/\"}}]}<\/script>\n<!-- \/ Yoast SEO plugin. -->","yoast_head_json":{"title":"Reservaciones - Restaurante las Quintas Cuernavaca","robots":{"index":"index","follow":"follow","max-snippet":"max-snippet:-1","max-image-preview":"max-image-preview:large","max-video-preview":"max-video-preview:-1"},"canonical":"https:\/\/lasquintasrestaurante.com\/english\/reservaciones\/","og_locale":"en_US","og_type":"article","og_title":"Reservaciones - Restaurante las Quintas Cuernavaca","og_description":"Reservations Reserva Reserva tu mesa y vive la experiencia de Restaurante las Quintas. Formulario de cont\u00e1cto Reserva tu mesa informaci\u00f3n de cont\u00e1cto Las Quintas Restaurante Direcci\u00f3n:\u00a0Boulevard Diaz Ordaz N\u00ba 9 Cantarranas 62448 Cuernavaca Morelos. Phone Number: +52 7773623949.Email:\u00a0alimentosybebidas@hlq.com.mx Horarios Viernes&nbsp; y S\u00e1bados: 7:00 a.m. a 12:00 a.m. Domingo a Jueves: 8:00 a.m. a 11:00 p.m.","og_url":"https:\/\/lasquintasrestaurante.com\/english\/reservaciones\/","og_site_name":"Restaurante las Quintas Cuernavaca","article_modified_time":"2026-01-11T16:59:41+00:00","twitter_card":"summary_large_image","twitter_misc":{"Est. reading time":"1 minute"},"schema":{"@context":"https:\/\/schema.org","@graph":[{"@type":"WebPage","@id":"https:\/\/lasquintasrestaurante.com\/reservaciones\/","url":"https:\/\/lasquintasrestaurante.com\/reservaciones\/","name":"Reservaciones - Restaurante las Quintas Cuernavaca","isPartOf":{"@id":"https:\/\/lasquintasrestaurante.com\/#website"},"datePublished":"2023-03-18T07:10:54+00:00","dateModified":"2026-01-11T16:59:41+00:00","breadcrumb":{"@id":"https:\/\/lasquintasrestaurante.com\/reservaciones\/#breadcrumb"},"inLanguage":"en-US","potentialAction":[{"@type":"ReadAction","target":["https:\/\/lasquintasrestaurante.com\/reservaciones\/"]}]},{"@type":"BreadcrumbList","@id":"https:\/\/lasquintasrestaurante.com\/reservaciones\/#breadcrumb","itemListElement":[{"@type":"ListItem","position":1,"name":"Home","item":"https:\/\/lasquintasrestaurante.com\/espanol\/"},{"@type":"ListItem","position":2,"name":"Reservaciones"}]},{"@type":"WebSite","@id":"https:\/\/lasquintasrestaurante.com\/#website","url":"https:\/\/lasquintasrestaurante.com\/","name":"Restaurante las Quintas Cuernavaca","description":"El restaurante con m\u00e1s tradici\u00f3n de Cuernavaca.","publisher":{"@id":"https:\/\/lasquintasrestaurante.com\/#organization"},"potentialAction":[{"@type":"SearchAction","target":{"@type":"EntryPoint","urlTemplate":"https:\/\/lasquintasrestaurante.com\/?s={search_term_string}"},"query-input":{"@type":"PropertyValueSpecification","valueRequired":true,"valueName":"search_term_string"}}],"inLanguage":"en-US"},{"@type":"Organization","@id":"https:\/\/lasquintasrestaurante.com\/#organization","name":"Restaurante las Quintas Cuernavaca","url":"https:\/\/lasquintasrestaurante.com\/","logo":{"@type":"ImageObject","inLanguage":"en-US","@id":"https:\/\/lasquintasrestaurante.com\/#\/schema\/logo\/image\/","url":"https:\/\/lasquintasrestaurante.com\/wp-content\/uploads\/2023\/03\/logo-3.png","contentUrl":"https:\/\/lasquintasrestaurante.com\/wp-content\/uploads\/2023\/03\/logo-3.png","width":457,"height":91,"caption":"Restaurante las Quintas Cuernavaca"},"image":{"@id":"https:\/\/lasquintasrestaurante.com\/#\/schema\/logo\/image\/"}}]}},"_links":{"self":[{"href":"https:\/\/lasquintasrestaurante.com\/english\/wp-json\/wp\/v2\/pages\/697","targetHints":{"allow":["GET"]}}],"collection":[{"href":"https:\/\/lasquintasrestaurante.com\/english\/wp-json\/wp\/v2\/pages"}],"about":[{"href":"https:\/\/lasquintasrestaurante.com\/english\/wp-json\/wp\/v2\/types\/page"}],"author":[{"embeddable":true,"href":"https:\/\/lasquintasrestaurante.com\/english\/wp-json\/wp\/v2\/users\/1"}],"replies":[{"embeddable":true,"href":"https:\/\/lasquintasrestaurante.com\/english\/wp-json\/wp\/v2\/comments?post=697"}],"version-history":[{"count":25,"href":"https:\/\/lasquintasrestaurante.com\/english\/wp-json\/wp\/v2\/pages\/697\/revisions"}],"predecessor-version":[{"id":3053,"href":"https:\/\/lasquintasrestaurante.com\/english\/wp-json\/wp\/v2\/pages\/697\/revisions\/3053"}],"wp:attachment":[{"href":"https:\/\/lasquintasrestaurante.com\/english\/wp-json\/wp\/v2\/media?parent=697"}],"curies":[{"name":"wp","href":"https:\/\/api.w.org\/{rel}","templated":true}]}}