{"id":783,"date":"2023-03-19T02:55:37","date_gmt":"2023-03-19T02:55:37","guid":{"rendered":"https:\/\/cozystay.loftocean.com\/island-resort\/?page_id=783"},"modified":"2024-08-29T20:19:26","modified_gmt":"2024-08-29T20:19:26","slug":"news","status":"publish","type":"page","link":"https:\/\/lasquintasrestaurante.com\/english\/news\/","title":{"rendered":"News"},"content":{"rendered":"<div data-elementor-type=\"wp-page\" data-elementor-id=\"783\" class=\"elementor elementor-783\">\n\t\t\t\t\t\t<section class=\"elementor-section elementor-top-section elementor-element elementor-element-51b883a elementor-section-height-min-height cs-section-content-fullwidth cs-parallax-on-scroll cs_scroll_y_100 elementor-section-boxed elementor-section-height-default elementor-section-items-middle\" data-id=\"51b883a\" data-element_type=\"section\" data-e-type=\"section\" data-settings=\"{&quot;background_background&quot;:&quot;classic&quot;}\" data-cs-parallax-y=\"100\" style=\"background-image: none;\" data-cs-background-image=\"https:\/\/lasquintasrestaurante.com\/wp-content\/uploads\/2024\/08\/Restaurante-en-cuernavca-npticias-scaled.jpg\">\n\t\t\t\t\t\t\t<div class=\"elementor-background-overlay\"><\/div>\n\t\t\t\t\t\t\t<div class=\"elementor-container elementor-column-gap-no\">\n\t\t\t\t\t<div class=\"elementor-column elementor-col-100 elementor-top-column elementor-element elementor-element-f8603f5 dark-color\" data-id=\"f8603f5\" data-element_type=\"column\" data-e-type=\"column\">\n\t\t\t<div class=\"elementor-widget-wrap elementor-element-populated\">\n\t\t\t\t\t\t<div class=\"elementor-element elementor-element-5638ee6 elementor-widget elementor-widget-cs_title\" data-id=\"5638ee6\" data-element_type=\"widget\" data-e-type=\"widget\" data-widget_type=\"cs_title.default\">\n\t\t\t\t<div class=\"elementor-widget-container\">\n\t\t\t\t\t\n        <div class=\"cs-title-wrap text-center\">\t            <div class=\"cs-subtitle-wrap\"><span class=\"cs-subtitle color-white\">Magazine<\/span><\/div>\t            <h1 class=\"cs-title\">\n\t                NEWS\t            <\/h1>        <\/div>\t\t\t\t<\/div>\n\t\t\t\t<\/div>\n\t\t\t\t\t<\/div>\n\t\t<\/div>\n\t\t\t\t\t<\/div>\n\t\t<\/section>\n\t\t\t\t<section class=\"elementor-section elementor-top-section elementor-element elementor-element-4d98f40 elementor-section-boxed elementor-section-height-default elementor-section-height-default\" data-id=\"4d98f40\" data-element_type=\"section\" data-e-type=\"section\">\n\t\t\t\t\t\t<div class=\"elementor-container elementor-column-gap-no\">\n\t\t\t\t\t<div class=\"elementor-column elementor-col-100 elementor-top-column elementor-element elementor-element-a58b2d7\" data-id=\"a58b2d7\" data-element_type=\"column\" data-e-type=\"column\">\n\t\t\t<div class=\"elementor-widget-wrap elementor-element-populated\">\n\t\t\t\t\t\t<div class=\"elementor-element elementor-element-03caef0 elementor-widget elementor-widget-cs_blog\" data-id=\"03caef0\" data-element_type=\"widget\" data-e-type=\"widget\" data-widget_type=\"cs_blog.default\">\n\t\t\t\t<div class=\"elementor-widget-container\">\n\t\t\t\t\t\t\t\t\t<div class=\"posts layout-zigzag layout-list img-ratio-3-2 with-border\">\n\t\t\t\t\t\t\t\t\t<div class=\"posts-wrapper\">\n<article class=\"post-142 post type-post status-publish format-standard has-post-thumbnail hentry category-news tag-cuernavaca tag-restaurantes tag-tradicion\">\n            <div class=\"featured-img\">\n        \t<a href=\"https:\/\/lasquintasrestaurante.com\/english\/restaurante-en-cuernavaca\/\"><img fetchpriority=\"high\" decoding=\"async\" width=\"780\" height=\"520\" src=\"https:\/\/lasquintasrestaurante.com\/wp-content\/uploads\/2024\/08\/Restaurante-en-Cuernavaca-780x520.jpg\" class=\"attachment-cozystay_780x9999 size-cozystay_780x9999 wp-post-image\" alt=\"\" srcset=\"https:\/\/lasquintasrestaurante.com\/wp-content\/uploads\/2024\/08\/Restaurante-en-Cuernavaca-780x520.jpg 780w, https:\/\/lasquintasrestaurante.com\/wp-content\/uploads\/2024\/08\/Restaurante-en-Cuernavaca-scaled-150x100.jpg 150w, https:\/\/lasquintasrestaurante.com\/wp-content\/uploads\/2024\/08\/Restaurante-en-Cuernavaca-600x400.jpg 600w, https:\/\/lasquintasrestaurante.com\/wp-content\/uploads\/2024\/08\/Restaurante-en-Cuernavaca-300x200.jpg 300w, https:\/\/lasquintasrestaurante.com\/wp-content\/uploads\/2024\/08\/Restaurante-en-Cuernavaca-1024x683.jpg 1024w, https:\/\/lasquintasrestaurante.com\/wp-content\/uploads\/2024\/08\/Restaurante-en-Cuernavaca-768x512.jpg 768w, https:\/\/lasquintasrestaurante.com\/wp-content\/uploads\/2024\/08\/Restaurante-en-Cuernavaca-1536x1024.jpg 1536w, https:\/\/lasquintasrestaurante.com\/wp-content\/uploads\/2024\/08\/Restaurante-en-Cuernavaca-2048x1365.jpg 2048w, https:\/\/lasquintasrestaurante.com\/wp-content\/uploads\/2024\/08\/Restaurante-en-Cuernavaca-1920x1280.jpg 1920w, https:\/\/lasquintasrestaurante.com\/wp-content\/uploads\/2024\/08\/Restaurante-en-Cuernavaca-1440x960.jpg 1440w, https:\/\/lasquintasrestaurante.com\/wp-content\/uploads\/2024\/08\/Restaurante-en-Cuernavaca-1200x800.jpg 1200w, https:\/\/lasquintasrestaurante.com\/wp-content\/uploads\/2024\/08\/Restaurante-en-Cuernavaca-550x367.jpg 550w, https:\/\/lasquintasrestaurante.com\/wp-content\/uploads\/2024\/08\/Restaurante-en-Cuernavaca-370x247.jpg 370w, https:\/\/lasquintasrestaurante.com\/wp-content\/uploads\/2024\/08\/Restaurante-en-Cuernavaca-255x170.jpg 255w\" sizes=\"(max-width: 780px) 100vw, 780px\" \/><\/a>            <div class=\"overlay-label time-label featured-style\">\n                <div class=\"meta-item time\">\n                    <time class=\"published\" datetime=\"2023-04-26T08:50:29+00:00\">\n                        <span class=\"month\">Apr<\/span> <span class=\"day\">26<\/span>\n                    <\/time>\n                <\/div>\n            <\/div>        <\/div>\n\t<div class=\"post-content\">\n\t\t<header class=\"post-header\">            <div class=\"meta-wrap\">\t\t\t<div class=\"cat-links\"><a href=\"https:\/\/lasquintasrestaurante.com\/english\/category\/news\/\" rel=\"tag\">News<\/a><\/div>            <\/div>    <h2 class=\"post-title\">\n        <a href=\"https:\/\/lasquintasrestaurante.com\/english\/restaurante-en-cuernavaca\/\">Las Quintas Restaurant in Cuernavaca more than 50 years of tradition<\/a>\n    <\/h2>\t\t<\/header>\t\t<div class=\"post-excerpt\"><p>Discover the Tradition of More than 50 Years at Las Quintas Cuernavaca In the heart of Cuernavaca, Las Quintas stands as a symbol of \u2026<\/p>\n<\/div>             <footer class=\"post-footer\">        <div class=\"more-btn\">\n            <a class=\"read-more-btn button cs-btn-underline\" href=\"https:\/\/lasquintasrestaurante.com\/english\/restaurante-en-cuernavaca\/\"><span>Read More<\/span><\/a>\n        <\/div>            <\/footer>\t<\/div>\n<\/article>\n\t\t\t\t<\/div>\t\t\t\t<\/div>\t\t\t\t<\/div>\n\t\t\t\t<\/div>\n\t\t\t\t\t<\/div>\n\t\t<\/div>\n\t\t\t\t\t<\/div>\n\t\t<\/section>\n\t\t\t\t<\/div>","protected":false},"excerpt":{"rendered":"<p>Magazine Noticias Abr 26 News Las Quintas Restaurante en Cuernavaca m\u00e1s de 50 a\u00f1os de tradici\u00f3n Descubre la Tradici\u00f3n de M\u00e1s de 50 A\u00f1os en Las Quintas Cuernavaca En el coraz\u00f3n de Cuernavaca, Las Quintas se erige como un s\u00edmbolo de &#8230; Read More<\/p>","protected":false},"author":1,"featured_media":0,"parent":0,"menu_order":0,"comment_status":"closed","ping_status":"closed","template":"template-wide-content.php","meta":{"cozystay_single_page_hide_site_header":"","cozystay_single_page_site_header_source":"","cozystay_single_page_custom_site_header":"0","cozystay_single_page_custom_sticky_site_header":"0","cozystay_single_page_hide_page_title":"on","cozystay_single_page_header_section_size":"","cozystay_single_page_header_background_color":"","cozystay_single_page_header_background_position_x":"center","cozystay_single_page_header_background_position_y":"center","cozystay_single_page_header_background_size":"cover","cozystay_single_page_header_background_repeat":"off","cozystay_single_page_header_background_scroll":"on","cozystay_single_page_header_text_color":"","cozystay_single_page_header_show_breadcrumb":"","cozystay_single_page_site_footer_hide_main":"","cozystay_single_custom_site_footer_main_source":"","cozystay_single_custom_site_footer_main":"0","cozystay_single_page_site_footer_hide_above":"","cozystay_single_custom_site_footer_above_source":"","cozystay_single_custom_site_footer_above":"0","cozystay_single_page_site_footer_hide_instagram":"","cozystay_single_page_site_footer_hide_bottom":"","cozystay_single_custom_mobile_menu_source":"","cozystay_single_custom_mobile_menu":"0","cozystay_single_custom_mobile_menu_animation":"","cozystay_single_custom_mobile_menu_width":"","cozystay_single_custom_mobile_menu_custom_width":375,"_joinchat":[],"footnotes":""},"class_list":["post-783","page","type-page","status-publish","hentry"],"yoast_head":"<!-- This site is optimized with the Yoast SEO plugin v24.3 - https:\/\/yoast.com\/wordpress\/plugins\/seo\/ -->\n<title>News - Restaurante las Quintas Cuernavaca<\/title>\n<meta name=\"robots\" content=\"index, follow, max-snippet:-1, max-image-preview:large, max-video-preview:-1\" \/>\n<link rel=\"canonical\" href=\"https:\/\/lasquintasrestaurante.com\/english\/news\/\" \/>\n<meta property=\"og:locale\" content=\"en_US\" \/>\n<meta property=\"og:type\" content=\"article\" \/>\n<meta property=\"og:title\" content=\"News - Restaurante las Quintas Cuernavaca\" \/>\n<meta property=\"og:description\" content=\"Magazine Noticias Abr 26 News Las Quintas Restaurante en Cuernavaca m\u00e1s de 50 a\u00f1os de tradici\u00f3n Descubre la Tradici\u00f3n de M\u00e1s de 50 A\u00f1os en Las Quintas Cuernavaca En el coraz\u00f3n de Cuernavaca, Las Quintas se erige como un s\u00edmbolo de &#8230; Read More\" \/>\n<meta property=\"og:url\" content=\"https:\/\/lasquintasrestaurante.com\/english\/news\/\" \/>\n<meta property=\"og:site_name\" content=\"Restaurante las Quintas Cuernavaca\" \/>\n<meta property=\"article:modified_time\" content=\"2024-08-29T20:19:26+00:00\" \/>\n<meta property=\"og:image\" content=\"https:\/\/lasquintasrestaurante.com\/wp-content\/uploads\/2024\/08\/Restaurante-en-Cuernavaca-780x520.jpg\" \/>\n<meta name=\"twitter:card\" content=\"summary_large_image\" \/>\n<meta name=\"twitter:label1\" content=\"Est. reading time\" \/>\n\t<meta name=\"twitter:data1\" content=\"1 minute\" \/>\n<script type=\"application\/ld+json\" class=\"yoast-schema-graph\">{\"@context\":\"https:\/\/schema.org\",\"@graph\":[{\"@type\":\"WebPage\",\"@id\":\"https:\/\/lasquintasrestaurante.com\/espanol\/news\/\",\"url\":\"https:\/\/lasquintasrestaurante.com\/espanol\/news\/\",\"name\":\"News - Restaurante las Quintas Cuernavaca\",\"isPartOf\":{\"@id\":\"https:\/\/lasquintasrestaurante.com\/#website\"},\"primaryImageOfPage\":{\"@id\":\"https:\/\/lasquintasrestaurante.com\/espanol\/news\/#primaryimage\"},\"image\":{\"@id\":\"https:\/\/lasquintasrestaurante.com\/espanol\/news\/#primaryimage\"},\"thumbnailUrl\":\"https:\/\/lasquintasrestaurante.com\/wp-content\/uploads\/2024\/08\/Restaurante-en-Cuernavaca-780x520.jpg\",\"datePublished\":\"2023-03-19T02:55:37+00:00\",\"dateModified\":\"2024-08-29T20:19:26+00:00\",\"breadcrumb\":{\"@id\":\"https:\/\/lasquintasrestaurante.com\/espanol\/news\/#breadcrumb\"},\"inLanguage\":\"en-US\",\"potentialAction\":[{\"@type\":\"ReadAction\",\"target\":[\"https:\/\/lasquintasrestaurante.com\/espanol\/news\/\"]}]},{\"@type\":\"ImageObject\",\"inLanguage\":\"en-US\",\"@id\":\"https:\/\/lasquintasrestaurante.com\/espanol\/news\/#primaryimage\",\"url\":\"https:\/\/lasquintasrestaurante.com\/wp-content\/uploads\/2024\/08\/Restaurante-en-Cuernavaca-780x520.jpg\",\"contentUrl\":\"https:\/\/lasquintasrestaurante.com\/wp-content\/uploads\/2024\/08\/Restaurante-en-Cuernavaca-780x520.jpg\"},{\"@type\":\"BreadcrumbList\",\"@id\":\"https:\/\/lasquintasrestaurante.com\/espanol\/news\/#breadcrumb\",\"itemListElement\":[{\"@type\":\"ListItem\",\"position\":1,\"name\":\"Home\",\"item\":\"https:\/\/lasquintasrestaurante.com\/espanol\/\"},{\"@type\":\"ListItem\",\"position\":2,\"name\":\"News\"}]},{\"@type\":\"WebSite\",\"@id\":\"https:\/\/lasquintasrestaurante.com\/#website\",\"url\":\"https:\/\/lasquintasrestaurante.com\/\",\"name\":\"Restaurante las Quintas Cuernavaca\",\"description\":\"El restaurante con m\u00e1s tradici\u00f3n de Cuernavaca.\",\"publisher\":{\"@id\":\"https:\/\/lasquintasrestaurante.com\/#organization\"},\"potentialAction\":[{\"@type\":\"SearchAction\",\"target\":{\"@type\":\"EntryPoint\",\"urlTemplate\":\"https:\/\/lasquintasrestaurante.com\/?s={search_term_string}\"},\"query-input\":{\"@type\":\"PropertyValueSpecification\",\"valueRequired\":true,\"valueName\":\"search_term_string\"}}],\"inLanguage\":\"en-US\"},{\"@type\":\"Organization\",\"@id\":\"https:\/\/lasquintasrestaurante.com\/#organization\",\"name\":\"Restaurante las Quintas Cuernavaca\",\"url\":\"https:\/\/lasquintasrestaurante.com\/\",\"logo\":{\"@type\":\"ImageObject\",\"inLanguage\":\"en-US\",\"@id\":\"https:\/\/lasquintasrestaurante.com\/#\/schema\/logo\/image\/\",\"url\":\"https:\/\/lasquintasrestaurante.com\/wp-content\/uploads\/2023\/03\/logo-3.png\",\"contentUrl\":\"https:\/\/lasquintasrestaurante.com\/wp-content\/uploads\/2023\/03\/logo-3.png\",\"width\":457,\"height\":91,\"caption\":\"Restaurante las Quintas Cuernavaca\"},\"image\":{\"@id\":\"https:\/\/lasquintasrestaurante.com\/#\/schema\/logo\/image\/\"}}]}<\/script>\n<!-- \/ Yoast SEO plugin. -->","yoast_head_json":{"title":"News - Restaurante las Quintas Cuernavaca","robots":{"index":"index","follow":"follow","max-snippet":"max-snippet:-1","max-image-preview":"max-image-preview:large","max-video-preview":"max-video-preview:-1"},"canonical":"https:\/\/lasquintasrestaurante.com\/english\/news\/","og_locale":"en_US","og_type":"article","og_title":"News - Restaurante las Quintas Cuernavaca","og_description":"Magazine Noticias Abr 26 News Las Quintas Restaurante en Cuernavaca m\u00e1s de 50 a\u00f1os de tradici\u00f3n Descubre la Tradici\u00f3n de M\u00e1s de 50 A\u00f1os en Las Quintas Cuernavaca En el coraz\u00f3n de Cuernavaca, Las Quintas se erige como un s\u00edmbolo de &#8230; Read More","og_url":"https:\/\/lasquintasrestaurante.com\/english\/news\/","og_site_name":"Restaurante las Quintas Cuernavaca","article_modified_time":"2024-08-29T20:19:26+00:00","og_image":[{"url":"https:\/\/lasquintasrestaurante.com\/wp-content\/uploads\/2024\/08\/Restaurante-en-Cuernavaca-780x520.jpg","type":"","width":"","height":""}],"twitter_card":"summary_large_image","twitter_misc":{"Est. reading time":"1 minute"},"schema":{"@context":"https:\/\/schema.org","@graph":[{"@type":"WebPage","@id":"https:\/\/lasquintasrestaurante.com\/espanol\/news\/","url":"https:\/\/lasquintasrestaurante.com\/espanol\/news\/","name":"News - Restaurante las Quintas Cuernavaca","isPartOf":{"@id":"https:\/\/lasquintasrestaurante.com\/#website"},"primaryImageOfPage":{"@id":"https:\/\/lasquintasrestaurante.com\/espanol\/news\/#primaryimage"},"image":{"@id":"https:\/\/lasquintasrestaurante.com\/espanol\/news\/#primaryimage"},"thumbnailUrl":"https:\/\/lasquintasrestaurante.com\/wp-content\/uploads\/2024\/08\/Restaurante-en-Cuernavaca-780x520.jpg","datePublished":"2023-03-19T02:55:37+00:00","dateModified":"2024-08-29T20:19:26+00:00","breadcrumb":{"@id":"https:\/\/lasquintasrestaurante.com\/espanol\/news\/#breadcrumb"},"inLanguage":"en-US","potentialAction":[{"@type":"ReadAction","target":["https:\/\/lasquintasrestaurante.com\/espanol\/news\/"]}]},{"@type":"ImageObject","inLanguage":"en-US","@id":"https:\/\/lasquintasrestaurante.com\/espanol\/news\/#primaryimage","url":"https:\/\/lasquintasrestaurante.com\/wp-content\/uploads\/2024\/08\/Restaurante-en-Cuernavaca-780x520.jpg","contentUrl":"https:\/\/lasquintasrestaurante.com\/wp-content\/uploads\/2024\/08\/Restaurante-en-Cuernavaca-780x520.jpg"},{"@type":"BreadcrumbList","@id":"https:\/\/lasquintasrestaurante.com\/espanol\/news\/#breadcrumb","itemListElement":[{"@type":"ListItem","position":1,"name":"Home","item":"https:\/\/lasquintasrestaurante.com\/espanol\/"},{"@type":"ListItem","position":2,"name":"News"}]},{"@type":"WebSite","@id":"https:\/\/lasquintasrestaurante.com\/#website","url":"https:\/\/lasquintasrestaurante.com\/","name":"Restaurante las Quintas Cuernavaca","description":"El restaurante con m\u00e1s tradici\u00f3n de Cuernavaca.","publisher":{"@id":"https:\/\/lasquintasrestaurante.com\/#organization"},"potentialAction":[{"@type":"SearchAction","target":{"@type":"EntryPoint","urlTemplate":"https:\/\/lasquintasrestaurante.com\/?s={search_term_string}"},"query-input":{"@type":"PropertyValueSpecification","valueRequired":true,"valueName":"search_term_string"}}],"inLanguage":"en-US"},{"@type":"Organization","@id":"https:\/\/lasquintasrestaurante.com\/#organization","name":"Restaurante las Quintas Cuernavaca","url":"https:\/\/lasquintasrestaurante.com\/","logo":{"@type":"ImageObject","inLanguage":"en-US","@id":"https:\/\/lasquintasrestaurante.com\/#\/schema\/logo\/image\/","url":"https:\/\/lasquintasrestaurante.com\/wp-content\/uploads\/2023\/03\/logo-3.png","contentUrl":"https:\/\/lasquintasrestaurante.com\/wp-content\/uploads\/2023\/03\/logo-3.png","width":457,"height":91,"caption":"Restaurante las Quintas Cuernavaca"},"image":{"@id":"https:\/\/lasquintasrestaurante.com\/#\/schema\/logo\/image\/"}}]}},"_links":{"self":[{"href":"https:\/\/lasquintasrestaurante.com\/english\/wp-json\/wp\/v2\/pages\/783","targetHints":{"allow":["GET"]}}],"collection":[{"href":"https:\/\/lasquintasrestaurante.com\/english\/wp-json\/wp\/v2\/pages"}],"about":[{"href":"https:\/\/lasquintasrestaurante.com\/english\/wp-json\/wp\/v2\/types\/page"}],"author":[{"embeddable":true,"href":"https:\/\/lasquintasrestaurante.com\/english\/wp-json\/wp\/v2\/users\/1"}],"replies":[{"embeddable":true,"href":"https:\/\/lasquintasrestaurante.com\/english\/wp-json\/wp\/v2\/comments?post=783"}],"version-history":[{"count":4,"href":"https:\/\/lasquintasrestaurante.com\/english\/wp-json\/wp\/v2\/pages\/783\/revisions"}],"predecessor-version":[{"id":2708,"href":"https:\/\/lasquintasrestaurante.com\/english\/wp-json\/wp\/v2\/pages\/783\/revisions\/2708"}],"wp:attachment":[{"href":"https:\/\/lasquintasrestaurante.com\/english\/wp-json\/wp\/v2\/media?parent=783"}],"curies":[{"name":"wp","href":"https:\/\/api.w.org\/{rel}","templated":true}]}}