{"id":952,"date":"2023-03-21T08:20:21","date_gmt":"2023-03-21T08:20:21","guid":{"rendered":"https:\/\/cozystay.loftocean.com\/island-resort\/?page_id=952"},"modified":"2025-12-22T21:12:09","modified_gmt":"2025-12-22T21:12:09","slug":"menu-carta","status":"publish","type":"page","link":"https:\/\/lasquintasrestaurante.com\/espanol\/menu-carta\/","title":{"rendered":"Menu"},"content":{"rendered":"\t\t<div data-elementor-type=\"wp-page\" data-elementor-id=\"952\" class=\"elementor elementor-952\">\n\t\t\t\t\t\t<section class=\"elementor-section elementor-top-section elementor-element elementor-element-34d2fc03 elementor-section-height-min-height cs-section-content-fullwidth cs-parallax-on-scroll cs_scroll_y_100 elementor-section-boxed elementor-section-height-default elementor-section-items-middle\" data-id=\"34d2fc03\" data-element_type=\"section\" data-e-type=\"section\" data-settings=\"{&quot;background_background&quot;:&quot;classic&quot;}\" data-cs-parallax-y=\"100\" style=\"background-image: none;\" data-cs-background-image=\"https:\/\/lasquintasrestaurante.com\/wp-content\/uploads\/2024\/08\/Captura-de-Pantalla-2024-08-27-a-las-11.25.58.png\">\n\t\t\t\t\t\t\t<div class=\"elementor-background-overlay\"><\/div>\n\t\t\t\t\t\t\t<div class=\"elementor-container elementor-column-gap-no\">\n\t\t\t\t\t<div class=\"elementor-column elementor-col-100 elementor-top-column elementor-element elementor-element-16facb1b dark-color\" data-id=\"16facb1b\" data-element_type=\"column\" data-e-type=\"column\">\n\t\t\t<div class=\"elementor-widget-wrap elementor-element-populated\">\n\t\t\t\t\t\t<div class=\"elementor-element elementor-element-e14a19 elementor-widget elementor-widget-cs_title\" data-id=\"e14a19\" data-element_type=\"widget\" data-e-type=\"widget\" data-widget_type=\"cs_title.default\">\n\t\t\t\t<div class=\"elementor-widget-container\">\n\t\t\t\t\t\n        <div class=\"cs-title-wrap text-center\">\t            <div class=\"cs-subtitle-wrap\"><span class=\"cs-subtitle color-white\">A la carta<\/span><\/div>\t            <h1 class=\"cs-title\">\n\t                Men\u00fa\t            <\/h1>\t            <div class=\"cs-title-text\">\n\t                <p class=\"ss2 ral-b\"><strong>Viernes y S\u00e1bados:<\/strong><br \/>7:00 a.m. a 12:00 a.m.<\/p><p class=\"ss2 ral-b\"><strong>Domingo a Jueves:<\/strong><br \/>8:00 a.m. a 11:00 p.m.<\/p>\t            <\/div>        <\/div>\t\t\t\t<\/div>\n\t\t\t\t<\/div>\n\t\t\t\t\t<\/div>\n\t\t<\/div>\n\t\t\t\t\t<\/div>\n\t\t<\/section>\n\t\t<div class=\"elementor-element elementor-element-1c1c14a e-flex e-con-boxed e-con e-parent\" data-id=\"1c1c14a\" data-element_type=\"container\" data-e-type=\"container\">\n\t\t\t\t\t<div class=\"e-con-inner\">\n\t\t\t\t<div class=\"elementor-element elementor-element-08670b9 elementor-widget elementor-widget-spacer\" data-id=\"08670b9\" data-element_type=\"widget\" data-e-type=\"widget\" data-widget_type=\"spacer.default\">\n\t\t\t\t<div class=\"elementor-widget-container\">\n\t\t\t\t\t\t\t<div class=\"elementor-spacer\">\n\t\t\t<div class=\"elementor-spacer-inner\"><\/div>\n\t\t<\/div>\n\t\t\t\t\t\t<\/div>\n\t\t\t\t<\/div>\n\t\t\t\t<div class=\"elementor-element elementor-element-1f3259d elementor-align-center elementor-widget elementor-widget-cs_button\" data-id=\"1f3259d\" data-element_type=\"widget\" data-e-type=\"widget\" data-widget_type=\"cs_button.default\">\n\t\t\t\t<div class=\"elementor-widget-container\">\n\t\t\t\t\t        <a href=\"https:\/\/lasquintasrestaurante.com\/wp-content\/uploads\/2025\/12\/menu-desayunos-diciembre-2025-scaled.jpg\" class=\"elementor-button-link button\" role=\"button\">\n            <span class=\"cs-btn-text\">MEN\u00da DESAYUNO A LA CARTA<\/span>        <\/a>\t\t\t\t<\/div>\n\t\t\t\t<\/div>\n\t\t\t\t<div class=\"elementor-element elementor-element-58c50ce elementor-align-center elementor-widget elementor-widget-cs_button\" data-id=\"58c50ce\" data-element_type=\"widget\" data-e-type=\"widget\" data-widget_type=\"cs_button.default\">\n\t\t\t\t<div class=\"elementor-widget-container\">\n\t\t\t\t\t        <a href=\"https:\/\/lasquintasrestaurante.com\/wp-content\/uploads\/2025\/12\/menu-comidas-y-cenas-2026.pdf\" target=\"_blank\" class=\"elementor-button-link button\" role=\"button\">\n            <span class=\"cs-btn-text\">MEN\u00da COMIDA A LA CARTA<\/span>        <\/a>\t\t\t\t<\/div>\n\t\t\t\t<\/div>\n\t\t\t\t<div class=\"elementor-element elementor-element-cc91614 elementor-align-center elementor-widget elementor-widget-cs_button\" data-id=\"cc91614\" data-element_type=\"widget\" data-e-type=\"widget\" data-widget_type=\"cs_button.default\">\n\t\t\t\t<div class=\"elementor-widget-container\">\n\t\t\t\t\t        <a href=\"https:\/\/lasquintasrestaurante.com\/wp-content\/uploads\/2025\/12\/carta-bebidas.pdf\" target=\"_blank\" class=\"elementor-button-link button\" role=\"button\">\n            <span class=\"cs-btn-text\">COCTELER\u00cdA & CAFE<\/span>        <\/a>\t\t\t\t<\/div>\n\t\t\t\t<\/div>\n\t\t\t\t<div class=\"elementor-element elementor-element-ff36aa4 elementor-widget elementor-widget-spacer\" data-id=\"ff36aa4\" data-element_type=\"widget\" data-e-type=\"widget\" data-widget_type=\"spacer.default\">\n\t\t\t\t<div class=\"elementor-widget-container\">\n\t\t\t\t\t\t\t<div class=\"elementor-spacer\">\n\t\t\t<div class=\"elementor-spacer-inner\"><\/div>\n\t\t<\/div>\n\t\t\t\t\t\t<\/div>\n\t\t\t\t<\/div>\n\t\t\t\t\t<\/div>\n\t\t\t\t<\/div>\n\t\t\t\t<\/div>\n\t\t","protected":false},"excerpt":{"rendered":"<p>A la carta Men\u00fa Viernes y S\u00e1bados:7:00 a.m. a 12:00 a.m. Domingo a Jueves:8:00 a.m. a 11:00 p.m. MEN\u00da DESAYUNO A LA CARTA MEN\u00da COMIDA A LA CARTA COCTELER\u00cdA &#038; CAFE<\/p>\n","protected":false},"author":1,"featured_media":0,"parent":0,"menu_order":0,"comment_status":"closed","ping_status":"closed","template":"template-wide-content.php","meta":{"cozystay_single_page_hide_site_header":"","cozystay_single_page_site_header_source":"","cozystay_single_page_custom_site_header":"0","cozystay_single_page_custom_sticky_site_header":"0","cozystay_single_page_hide_page_title":"on","cozystay_single_page_header_section_size":"","cozystay_single_page_header_background_color":"","cozystay_single_page_header_background_position_x":"center","cozystay_single_page_header_background_position_y":"center","cozystay_single_page_header_background_size":"cover","cozystay_single_page_header_background_repeat":"off","cozystay_single_page_header_background_scroll":"on","cozystay_single_page_header_text_color":"","cozystay_single_page_header_show_breadcrumb":"","cozystay_single_page_site_footer_hide_main":"","cozystay_single_custom_site_footer_main_source":"","cozystay_single_custom_site_footer_main":"0","cozystay_single_page_site_footer_hide_above":"","cozystay_single_custom_site_footer_above_source":"","cozystay_single_custom_site_footer_above":"0","cozystay_single_page_site_footer_hide_instagram":"","cozystay_single_page_site_footer_hide_bottom":"","cozystay_single_custom_mobile_menu_source":"","cozystay_single_custom_mobile_menu":"0","cozystay_single_custom_mobile_menu_animation":"","cozystay_single_custom_mobile_menu_width":"","cozystay_single_custom_mobile_menu_custom_width":375,"_joinchat":[],"footnotes":""},"class_list":["post-952","page","type-page","status-publish","hentry"],"yoast_head":"<!-- This site is optimized with the Yoast SEO plugin v24.3 - https:\/\/yoast.com\/wordpress\/plugins\/seo\/ -->\n<title>Menu - Restaurante las Quintas Cuernavaca<\/title>\n<meta name=\"robots\" content=\"index, follow, max-snippet:-1, max-image-preview:large, max-video-preview:-1\" \/>\n<link rel=\"canonical\" href=\"https:\/\/lasquintasrestaurante.com\/espanol\/menu-carta\/\" \/>\n<meta property=\"og:locale\" content=\"es_MX\" \/>\n<meta property=\"og:type\" content=\"article\" \/>\n<meta property=\"og:title\" content=\"Conoce nuestro delicioso men\u00fa.\" \/>\n<meta property=\"og:description\" content=\"A la carta Men\u00fa Viernes y S\u00e1bados:7:00 a.m. a 12:00 a.m. Domingo a Jueves:8:00 a.m. a 11:00 p.m. MEN\u00da DESAYUNO A LA CARTA MEN\u00da COMIDA A LA CARTA COCTELER\u00cdA &#038; CAFE\" \/>\n<meta property=\"og:url\" content=\"https:\/\/lasquintasrestaurante.com\/espanol\/menu-carta\/\" \/>\n<meta property=\"og:site_name\" content=\"Restaurante las Quintas Cuernavaca\" \/>\n<meta property=\"article:modified_time\" content=\"2025-12-22T21:12:09+00:00\" \/>\n<meta property=\"og:image\" content=\"https:\/\/lasquintasrestaurante.com\/wp-content\/uploads\/2024\/10\/chesseweb-scaled.jpg\" \/>\n\t<meta property=\"og:image:width\" content=\"2560\" \/>\n\t<meta property=\"og:image:height\" content=\"1707\" \/>\n\t<meta property=\"og:image:type\" content=\"image\/jpeg\" \/>\n<meta name=\"twitter:card\" content=\"summary_large_image\" \/>\n<meta name=\"twitter:label1\" content=\"Tiempo de lectura\" \/>\n\t<meta name=\"twitter:data1\" content=\"1 minuto\" \/>\n<script type=\"application\/ld+json\" class=\"yoast-schema-graph\">{\"@context\":\"https:\/\/schema.org\",\"@graph\":[{\"@type\":\"WebPage\",\"@id\":\"https:\/\/lasquintasrestaurante.com\/menu-carta\/\",\"url\":\"https:\/\/lasquintasrestaurante.com\/menu-carta\/\",\"name\":\"Menu - Restaurante las Quintas Cuernavaca\",\"isPartOf\":{\"@id\":\"https:\/\/lasquintasrestaurante.com\/#website\"},\"datePublished\":\"2023-03-21T08:20:21+00:00\",\"dateModified\":\"2025-12-22T21:12:09+00:00\",\"breadcrumb\":{\"@id\":\"https:\/\/lasquintasrestaurante.com\/menu-carta\/#breadcrumb\"},\"inLanguage\":\"es\",\"potentialAction\":[{\"@type\":\"ReadAction\",\"target\":[\"https:\/\/lasquintasrestaurante.com\/menu-carta\/\"]}]},{\"@type\":\"BreadcrumbList\",\"@id\":\"https:\/\/lasquintasrestaurante.com\/menu-carta\/#breadcrumb\",\"itemListElement\":[{\"@type\":\"ListItem\",\"position\":1,\"name\":\"Home\",\"item\":\"https:\/\/lasquintasrestaurante.com\/espanol\/\"},{\"@type\":\"ListItem\",\"position\":2,\"name\":\"Menu\"}]},{\"@type\":\"WebSite\",\"@id\":\"https:\/\/lasquintasrestaurante.com\/#website\",\"url\":\"https:\/\/lasquintasrestaurante.com\/\",\"name\":\"Restaurante las Quintas Cuernavaca\",\"description\":\"El restaurante con m\u00e1s tradici\u00f3n de Cuernavaca.\",\"publisher\":{\"@id\":\"https:\/\/lasquintasrestaurante.com\/#organization\"},\"potentialAction\":[{\"@type\":\"SearchAction\",\"target\":{\"@type\":\"EntryPoint\",\"urlTemplate\":\"https:\/\/lasquintasrestaurante.com\/?s={search_term_string}\"},\"query-input\":{\"@type\":\"PropertyValueSpecification\",\"valueRequired\":true,\"valueName\":\"search_term_string\"}}],\"inLanguage\":\"es\"},{\"@type\":\"Organization\",\"@id\":\"https:\/\/lasquintasrestaurante.com\/#organization\",\"name\":\"Restaurante las Quintas Cuernavaca\",\"url\":\"https:\/\/lasquintasrestaurante.com\/\",\"logo\":{\"@type\":\"ImageObject\",\"inLanguage\":\"es\",\"@id\":\"https:\/\/lasquintasrestaurante.com\/#\/schema\/logo\/image\/\",\"url\":\"https:\/\/lasquintasrestaurante.com\/wp-content\/uploads\/2023\/03\/logo-3.png\",\"contentUrl\":\"https:\/\/lasquintasrestaurante.com\/wp-content\/uploads\/2023\/03\/logo-3.png\",\"width\":457,\"height\":91,\"caption\":\"Restaurante las Quintas Cuernavaca\"},\"image\":{\"@id\":\"https:\/\/lasquintasrestaurante.com\/#\/schema\/logo\/image\/\"}}]}<\/script>\n<!-- \/ Yoast SEO plugin. -->","yoast_head_json":{"title":"Menu - Restaurante las Quintas Cuernavaca","robots":{"index":"index","follow":"follow","max-snippet":"max-snippet:-1","max-image-preview":"max-image-preview:large","max-video-preview":"max-video-preview:-1"},"canonical":"https:\/\/lasquintasrestaurante.com\/espanol\/menu-carta\/","og_locale":"es_MX","og_type":"article","og_title":"Conoce nuestro delicioso men\u00fa.","og_description":"A la carta Men\u00fa Viernes y S\u00e1bados:7:00 a.m. a 12:00 a.m. Domingo a Jueves:8:00 a.m. a 11:00 p.m. MEN\u00da DESAYUNO A LA CARTA MEN\u00da COMIDA A LA CARTA COCTELER\u00cdA &#038; CAFE","og_url":"https:\/\/lasquintasrestaurante.com\/espanol\/menu-carta\/","og_site_name":"Restaurante las Quintas Cuernavaca","article_modified_time":"2025-12-22T21:12:09+00:00","og_image":[{"width":2560,"height":1707,"url":"https:\/\/lasquintasrestaurante.com\/wp-content\/uploads\/2024\/10\/chesseweb-scaled.jpg","type":"image\/jpeg"}],"twitter_card":"summary_large_image","twitter_misc":{"Tiempo de lectura":"1 minuto"},"schema":{"@context":"https:\/\/schema.org","@graph":[{"@type":"WebPage","@id":"https:\/\/lasquintasrestaurante.com\/menu-carta\/","url":"https:\/\/lasquintasrestaurante.com\/menu-carta\/","name":"Menu - Restaurante las Quintas Cuernavaca","isPartOf":{"@id":"https:\/\/lasquintasrestaurante.com\/#website"},"datePublished":"2023-03-21T08:20:21+00:00","dateModified":"2025-12-22T21:12:09+00:00","breadcrumb":{"@id":"https:\/\/lasquintasrestaurante.com\/menu-carta\/#breadcrumb"},"inLanguage":"es","potentialAction":[{"@type":"ReadAction","target":["https:\/\/lasquintasrestaurante.com\/menu-carta\/"]}]},{"@type":"BreadcrumbList","@id":"https:\/\/lasquintasrestaurante.com\/menu-carta\/#breadcrumb","itemListElement":[{"@type":"ListItem","position":1,"name":"Home","item":"https:\/\/lasquintasrestaurante.com\/espanol\/"},{"@type":"ListItem","position":2,"name":"Menu"}]},{"@type":"WebSite","@id":"https:\/\/lasquintasrestaurante.com\/#website","url":"https:\/\/lasquintasrestaurante.com\/","name":"Restaurante las Quintas Cuernavaca","description":"El restaurante con m\u00e1s tradici\u00f3n de Cuernavaca.","publisher":{"@id":"https:\/\/lasquintasrestaurante.com\/#organization"},"potentialAction":[{"@type":"SearchAction","target":{"@type":"EntryPoint","urlTemplate":"https:\/\/lasquintasrestaurante.com\/?s={search_term_string}"},"query-input":{"@type":"PropertyValueSpecification","valueRequired":true,"valueName":"search_term_string"}}],"inLanguage":"es"},{"@type":"Organization","@id":"https:\/\/lasquintasrestaurante.com\/#organization","name":"Restaurante las Quintas Cuernavaca","url":"https:\/\/lasquintasrestaurante.com\/","logo":{"@type":"ImageObject","inLanguage":"es","@id":"https:\/\/lasquintasrestaurante.com\/#\/schema\/logo\/image\/","url":"https:\/\/lasquintasrestaurante.com\/wp-content\/uploads\/2023\/03\/logo-3.png","contentUrl":"https:\/\/lasquintasrestaurante.com\/wp-content\/uploads\/2023\/03\/logo-3.png","width":457,"height":91,"caption":"Restaurante las Quintas Cuernavaca"},"image":{"@id":"https:\/\/lasquintasrestaurante.com\/#\/schema\/logo\/image\/"}}]}},"_links":{"self":[{"href":"https:\/\/lasquintasrestaurante.com\/espanol\/wp-json\/wp\/v2\/pages\/952","targetHints":{"allow":["GET"]}}],"collection":[{"href":"https:\/\/lasquintasrestaurante.com\/espanol\/wp-json\/wp\/v2\/pages"}],"about":[{"href":"https:\/\/lasquintasrestaurante.com\/espanol\/wp-json\/wp\/v2\/types\/page"}],"author":[{"embeddable":true,"href":"https:\/\/lasquintasrestaurante.com\/espanol\/wp-json\/wp\/v2\/users\/1"}],"replies":[{"embeddable":true,"href":"https:\/\/lasquintasrestaurante.com\/espanol\/wp-json\/wp\/v2\/comments?post=952"}],"version-history":[{"count":44,"href":"https:\/\/lasquintasrestaurante.com\/espanol\/wp-json\/wp\/v2\/pages\/952\/revisions"}],"predecessor-version":[{"id":3045,"href":"https:\/\/lasquintasrestaurante.com\/espanol\/wp-json\/wp\/v2\/pages\/952\/revisions\/3045"}],"wp:attachment":[{"href":"https:\/\/lasquintasrestaurante.com\/espanol\/wp-json\/wp\/v2\/media?parent=952"}],"curies":[{"name":"wp","href":"https:\/\/api.w.org\/{rel}","templated":true}]}}